{"id":3091,"date":"2011-01-03T10:38:20","date_gmt":"2011-01-03T08:38:20","guid":{"rendered":"http:\/\/www.amledo.com\/?page_id=3091"},"modified":"2013-04-12T15:24:56","modified_gmt":"2013-04-12T13:24:56","slug":"portugal","status":"publish","type":"page","link":"https:\/\/www.amledo.com\/en\/om-amledo\/kunder\/portugal\/","title":{"rendered":"Portugal"},"content":{"rendered":"<p><\/p>\n<ul>\n<li>CFPIMM &#8211; Centro de Forma\u00e7\u00e3o Profissional das Ind\u00fastrias da Madeira e Mobili\u00e1rio<\/li>\n<\/ul>\n<p><\/p>","protected":false},"excerpt":{"rendered":"<p>CFPIMM &#8211; Centro de Forma\u00e7\u00e3o Profissional das Ind\u00fastrias da Madeira e Mobili\u00e1rio<\/p>\n","protected":false},"author":1,"featured_media":0,"parent":17,"menu_order":0,"comment_status":"closed","ping_status":"open","template":"categorypages.php","meta":[],"_links":{"self":[{"href":"https:\/\/www.amledo.com\/en\/wp-json\/wp\/v2\/pages\/3091"}],"collection":[{"href":"https:\/\/www.amledo.com\/en\/wp-json\/wp\/v2\/pages"}],"about":[{"href":"https:\/\/www.amledo.com\/en\/wp-json\/wp\/v2\/types\/page"}],"author":[{"embeddable":true,"href":"https:\/\/www.amledo.com\/en\/wp-json\/wp\/v2\/users\/1"}],"replies":[{"embeddable":true,"href":"https:\/\/www.amledo.com\/en\/wp-json\/wp\/v2\/comments?post=3091"}],"version-history":[{"count":23,"href":"https:\/\/www.amledo.com\/en\/wp-json\/wp\/v2\/pages\/3091\/revisions"}],"predecessor-version":[{"id":3093,"href":"https:\/\/www.amledo.com\/en\/wp-json\/wp\/v2\/pages\/3091\/revisions\/3093"}],"up":[{"embeddable":true,"href":"https:\/\/www.amledo.com\/en\/wp-json\/wp\/v2\/pages\/17"}],"wp:attachment":[{"href":"https:\/\/www.amledo.com\/en\/wp-json\/wp\/v2\/media?parent=3091"}],"curies":[{"name":"wp","href":"https:\/\/api.w.org\/{rel}","templated":true}]}}