{"id":2709,"date":"2011-01-03T10:31:15","date_gmt":"2011-01-03T08:31:15","guid":{"rendered":"http:\/\/www.amledo.com\/?page_id=2709"},"modified":"2012-11-19T14:49:08","modified_gmt":"2012-11-19T12:49:08","slug":"tjeckien","status":"publish","type":"page","link":"https:\/\/www.amledo.com\/en\/om-amledo\/kunder\/tjeckien\/","title":{"rendered":"Czech Republic"},"content":{"rendered":"<p><\/p>\n<ul>\n<li>St\u0159edn\u00ed \u0161kola Polytechnick\u00e1, Olomouc<\/li>\n<\/ul>\n<p><\/p>","protected":false},"excerpt":{"rendered":"<p>St\u0159edn\u00ed \u0161kola Polytechnick\u00e1, Olomouc<\/p>\n","protected":false},"author":1,"featured_media":0,"parent":17,"menu_order":0,"comment_status":"closed","ping_status":"open","template":"categorypages.php","meta":[],"_links":{"self":[{"href":"https:\/\/www.amledo.com\/en\/wp-json\/wp\/v2\/pages\/2709"}],"collection":[{"href":"https:\/\/www.amledo.com\/en\/wp-json\/wp\/v2\/pages"}],"about":[{"href":"https:\/\/www.amledo.com\/en\/wp-json\/wp\/v2\/types\/page"}],"author":[{"embeddable":true,"href":"https:\/\/www.amledo.com\/en\/wp-json\/wp\/v2\/users\/1"}],"replies":[{"embeddable":true,"href":"https:\/\/www.amledo.com\/en\/wp-json\/wp\/v2\/comments?post=2709"}],"version-history":[{"count":2,"href":"https:\/\/www.amledo.com\/en\/wp-json\/wp\/v2\/pages\/2709\/revisions"}],"predecessor-version":[{"id":2714,"href":"https:\/\/www.amledo.com\/en\/wp-json\/wp\/v2\/pages\/2709\/revisions\/2714"}],"up":[{"embeddable":true,"href":"https:\/\/www.amledo.com\/en\/wp-json\/wp\/v2\/pages\/17"}],"wp:attachment":[{"href":"https:\/\/www.amledo.com\/en\/wp-json\/wp\/v2\/media?parent=2709"}],"curies":[{"name":"wp","href":"https:\/\/api.w.org\/{rel}","templated":true}]}}