{"id":1860,"date":"2011-05-24T09:33:53","date_gmt":"2011-05-24T07:33:53","guid":{"rendered":"http:\/\/www.amledo.com\/"},"modified":"2015-06-01T13:37:06","modified_gmt":"2015-06-01T11:37:06","slug":"provehicle","status":"publish","type":"page","link":"https:\/\/www.amledo.com\/en\/projekt\/provehicle\/","title":{"rendered":"Provehicle"},"content":{"rendered":"<p><\/p>\n<p>Amledo &#038; Co in collaboration with The Vocational Training Board of the Swedish Motor Trade (MYN) are working on a mobility project for Swedish students in the vehicle sectors vocational training. Giving students a fantastic opportunity to do their workplace based training in another European country. The EU&#8217;s mobility program Leonardo Da Vinci has given us funding for travel and subsistence for 40 new VET-students.\u00a0 78 VET-students has already performed their work practice abroad.<\/p>\n<p>Partners in the project are:<\/p>\n<ul>\n<li><a href=\"http:\/\/www.hwk-pfalz.de\/\">Handwerkskammer der Pfalz\/Chamber of Skilled Crafts and Small Business<\/a>, Germany<\/li>\n<li><a href=\"http:\/\/www.hwk-gera.de\">Handwerkskammer f\u00fcr Ostth\u00fcringen<\/a>, Tyskland<\/li>\n<li><a href=\"http:\/\/www.sde.dk\/\">SDE College<\/a>, Denmark<\/li>\n<li><a href=\"http:\/\/www.anniesland.ac.uk\/\">Anniesland College<\/a>, United Kingdom<\/li>\n<li>Bridgwater College, United Kingdom<\/li>\n<li><a href=\"http:\/\/www.ssprool.cz\/\">St\u0159edn\u00ed \u0161kola polytechnick\u00e1, Olomouc<\/a>, Czech Republic<\/li>\n<\/ul>\n<p>Interested in becoming our partner? <a href=\"mailto: patrick.arlemalm@amledo.com\">Send us and e-mail<\/a><\/p>\n<p>This project has been funded with support from the European Commission. This publication reflects the views only of the author, and the Commission cannot be held responsible for any use which may be made of the information contained therein.<\/p>\n<p><img loading=\"lazy\" class=\"alignnone size-full wp-image-3990\" title=\"nya_EU_flag_LLP_SV kopiera_small\" src=\"http:\/\/www.amledo.com\/wp-content\/uploads\/nya_EU_flag_LLP_SV-kopiera_small.jpg\" alt=\"\" width=\"150\" height=\"42\" srcset=\"https:\/\/www.amledo.com\/wp-content\/uploads\/nya_EU_flag_LLP_SV-kopiera_small.jpg 150w, https:\/\/www.amledo.com\/wp-content\/uploads\/nya_EU_flag_LLP_SV-kopiera_small-102x28.jpg 102w\" sizes=\"(max-width: 150px) 100vw, 150px\" \/><\/p>\n<p><\/p>","protected":false},"excerpt":{"rendered":"<p>Amledo &#038; Co in collaboration with The Vocational Training Board of the Swedish Motor Trade (MYN) are working on a mobility project for Swedish students in the vehicle sectors vocational training. Giving students a fantastic opportunity to do their workplace based training in another European country. The EU&#8217;s mobility program Leonardo Da Vinci has given [&hellip;]<\/p>\n","protected":false},"author":1,"featured_media":1861,"parent":27,"menu_order":0,"comment_status":"closed","ping_status":"open","template":"categorypages.php","meta":[],"_links":{"self":[{"href":"https:\/\/www.amledo.com\/en\/wp-json\/wp\/v2\/pages\/1860"}],"collection":[{"href":"https:\/\/www.amledo.com\/en\/wp-json\/wp\/v2\/pages"}],"about":[{"href":"https:\/\/www.amledo.com\/en\/wp-json\/wp\/v2\/types\/page"}],"author":[{"embeddable":true,"href":"https:\/\/www.amledo.com\/en\/wp-json\/wp\/v2\/users\/1"}],"replies":[{"embeddable":true,"href":"https:\/\/www.amledo.com\/en\/wp-json\/wp\/v2\/comments?post=1860"}],"version-history":[{"count":37,"href":"https:\/\/www.amledo.com\/en\/wp-json\/wp\/v2\/pages\/1860\/revisions"}],"predecessor-version":[{"id":4512,"href":"https:\/\/www.amledo.com\/en\/wp-json\/wp\/v2\/pages\/1860\/revisions\/4512"}],"up":[{"embeddable":true,"href":"https:\/\/www.amledo.com\/en\/wp-json\/wp\/v2\/pages\/27"}],"wp:featuredmedia":[{"embeddable":true,"href":"https:\/\/www.amledo.com\/en\/wp-json\/wp\/v2\/media\/1861"}],"wp:attachment":[{"href":"https:\/\/www.amledo.com\/en\/wp-json\/wp\/v2\/media?parent=1860"}],"curies":[{"name":"wp","href":"https:\/\/api.w.org\/{rel}","templated":true}]}}