{"id":1085,"date":"2012-11-19T13:50:25","date_gmt":"2012-11-19T11:50:25","guid":{"rendered":"http:\/\/amledo.com\/wordpress\/"},"modified":"2019-03-06T23:17:37","modified_gmt":"2019-03-06T21:17:37","slug":"sverige","status":"publish","type":"page","link":"https:\/\/www.amledo.com\/en\/om-amledo\/kunder\/sverige\/","title":{"rendered":"Sweden"},"content":{"rendered":"<p><\/p>\n<ul>\n<li>WorldSkills Sweden<\/li>\n<li>Bos\u00f6n \u2013 Riksidrottsf\u00f6rbundet (National Sports Complex)<\/li>\n<li>100 colleges<\/li>\n<li>LO (Central Trade Union organisation with 770\u00a0000 members)<\/li>\n<li>Industrir\u00e5det (National Industrial Council)<\/li>\n<li>Tr\u00e4- och m\u00f6belf\u00f6retagen (Employers\u2019 association of the wood processing and furniture industry)<\/li>\n<li>ABF (Sweden\u2019s largest adult liberal education association)<\/li>\n<li>Transportf\u00f6retagen (National umbrella organisation the transportation sector)<\/li>\n<li>Reumatikerf\u00f6rbundet (National Rheumatism Association)<\/li>\n<li>H\u00f6gskolan i Halmstad (Halmstad University)<\/li>\n<li>M\u00e4lardalens H\u00f6gskola (M\u00e4lardalen University)<\/li>\n<li>\u00d6rebro Universitet (\u00d6rebro University)<\/li>\n<li>Folksam (Swedish insurance company)<\/li>\n<li>H\u00e4llefors kommun (H\u00e4llefors municipality)<\/li>\n<li>Nora kommun (Nora municipality)<\/li>\n<li>J\u00e4rf\u00e4lla kommun (J\u00e4rf\u00e4lla municipality)<\/li>\n<li>Nyk\u00f6ping kommun (Nyk\u00f6ping municipality)<\/li>\n<li>Stiftelsen Minerva (Minerva Foundation)<\/li>\n<li>V\u00e5rdf\u00f6rbundet (The Swedish Association of Health Professionals)<\/li>\n<li>Folkbildningsr\u00e5det (The Swedish National Council of Adult Education)<\/li>\n<li>Studief\u00f6rbundet Vuxenskolan (Adult liberal education association)<\/li>\n<li>Stockholms l\u00e4ns landsting (Stockholm County Council)<\/li>\n<li>Region V\u00e4rmland (A regional municipal association)<\/li>\n<li>\u00d6rebro l\u00e4ns lansting (\u00d6rebro County Council)<\/li>\n<li>R\u00f6da Korset (Red Cross)<\/li>\n<li>Samhall AB (State-owned company employs 20 000 people)<\/li>\n<li>Fastighetsanst\u00e4lldas f\u00f6rbund (The Building Maintenance Workers\u00b4 Union)<\/li>\n<li>Handikappf\u00f6rbundens samarbetsorgan (The Swedish Disability Federation)<\/li>\n<li>Svenska ESF-r\u00e5det (The Swedish ESF Council)<\/li>\n<li>Coompanion Uppsala (Cooperative enterprise association)<\/li>\n<li>HRF<\/li>\n<\/ul>\n<p><\/p>","protected":false},"excerpt":{"rendered":"<p>WorldSkills Sweden Bos\u00f6n \u2013 Riksidrottsf\u00f6rbundet (National Sports Complex) 100 colleges LO (Central Trade Union organisation with 770\u00a0000 members) Industrir\u00e5det (National Industrial Council) Tr\u00e4- och m\u00f6belf\u00f6retagen (Employers\u2019 association of the wood processing and furniture industry) ABF (Sweden\u2019s largest adult liberal education association) Transportf\u00f6retagen (National umbrella organisation the transportation sector) Reumatikerf\u00f6rbundet (National Rheumatism Association) H\u00f6gskolan i Halmstad [&hellip;]<\/p>\n","protected":false},"author":1,"featured_media":0,"parent":17,"menu_order":0,"comment_status":"closed","ping_status":"open","template":"categorypages.php","meta":[],"_links":{"self":[{"href":"https:\/\/www.amledo.com\/en\/wp-json\/wp\/v2\/pages\/1085"}],"collection":[{"href":"https:\/\/www.amledo.com\/en\/wp-json\/wp\/v2\/pages"}],"about":[{"href":"https:\/\/www.amledo.com\/en\/wp-json\/wp\/v2\/types\/page"}],"author":[{"embeddable":true,"href":"https:\/\/www.amledo.com\/en\/wp-json\/wp\/v2\/users\/1"}],"replies":[{"embeddable":true,"href":"https:\/\/www.amledo.com\/en\/wp-json\/wp\/v2\/comments?post=1085"}],"version-history":[{"count":18,"href":"https:\/\/www.amledo.com\/en\/wp-json\/wp\/v2\/pages\/1085\/revisions"}],"predecessor-version":[{"id":5569,"href":"https:\/\/www.amledo.com\/en\/wp-json\/wp\/v2\/pages\/1085\/revisions\/5569"}],"up":[{"embeddable":true,"href":"https:\/\/www.amledo.com\/en\/wp-json\/wp\/v2\/pages\/17"}],"wp:attachment":[{"href":"https:\/\/www.amledo.com\/en\/wp-json\/wp\/v2\/media?parent=1085"}],"curies":[{"name":"wp","href":"https:\/\/api.w.org\/{rel}","templated":true}]}}